{"id":2,"date":"2014-11-23T22:37:44","date_gmt":"2014-11-23T22:37:44","guid":{"rendered":"https:\/\/www.destinymarkomusic.com\/?page_id=2"},"modified":"2025-07-14T17:09:55","modified_gmt":"2025-07-14T17:09:55","slug":"home","status":"publish","type":"page","link":"https:\/\/www.destinymarkomusic.com\/es\/","title":{"rendered":"Homepage"},"content":{"rendered":"<div id=\"about\" class=\"vc_row wpb_row  full_width  mobilenopadding\"><div class=\"nopadding wpb_column vc_column_container vc_col-sm-6 vc_col-has-fill\"><div class=\"vc_column-inner vc_custom_1684610555208\"><div class=\"wpb_wrapper\"><div class=\"vc_empty_space\"   style=\"height: 1000px\"><span class=\"vc_empty_space_inner\"><\/span><\/div><\/div><\/div><\/div><div class=\"wpb_column vc_column_container vc_col-sm-6\"><div class=\"vc_column-inner vc_custom_1415507819838\"><div class=\"wpb_wrapper\"><div class=\"vc_row wpb_row vc_inner vc_row-fluid\"><div class=\"wpb_column vc_column_container vc_col-sm-12\"><div class=\"vc_column-inner\"><div class=\"wpb_wrapper\">\n\t<div class=\"wpb_text_column wpb_content_element\" >\n\t\t<div class=\"wpb_wrapper\">\n\t\t\t<div class=\"wpb_text_column wpb_content_element\">\n<div class=\"wpb_wrapper\">\n<h3>DESTINY MARKO<\/h3>\n<p>CANTANTE\/COMPOSITOR<\/p>\n<p>Destiny Marko es una cantante latinoamericana nacida en El Bronx, NY. Ambos sus padres son de Puerto Rico; su herencia puertorrique\u00f1a y su educaci\u00f3n en Nueva York la han llevado a su sonido \u00fanico. Destiny Ha estado cantando b\u00e1sicamente desde que pudo caminar. Ella era la l\u00edder de adoraci\u00f3n en su escuela secundaria, y eso se qued\u00f3 con ella. En 2017 se convirti\u00f3 en pastora de adoraci\u00f3n en Evangel Church. En medio de los encierros de 2020, Dios le pidi\u00f3 que diera un salto de fe, para comenzar una carrera como cantante solista. En un cuarto trasero de la iglesia mont\u00f3 un peque\u00f1o estudio y grab\u00f3 Amor Amor Amor, con su Productor en Zoom. Desde entonces, Dios la ha llevado por todo el pa\u00eds, ha difundido su m\u00fasica por todo el mundo y le ha permitido trabajar con tanta gente talentosa.<br \/>\nDestiny ve todo lo que Dios ha hecho con su m\u00fasica como la mayor oportunidad de su vida, la oportunidad de difundir el amor de Dios a todo el mundo. Su coraz\u00f3n es verdaderamente para la comunidad, tanto que durante 2020, mientras iniciaba su carrera, Destiny y su esposo Andrew ayudaron a iniciar 9 Millones de Razones (9 Million Reasons) , una organizaci\u00f3n sin fines de lucro que busca ayudar a los necesitados en la ciudad de Nueva York y sus alrededores.<\/p>\n<\/div>\n<\/div>\n\n\t\t<\/div>\n\t<\/div>\n<div class=\"vc_empty_space\"   style=\"height: 20px\"><span class=\"vc_empty_space_inner\"><\/span><\/div><\/div><\/div><\/div><\/div><div class=\"vc_row wpb_row vc_inner vc_row-fluid\"><div class=\"wpb_column vc_column_container vc_col-sm-12\"><div class=\"vc_column-inner\"><div class=\"wpb_wrapper\">\n\t<div class=\"wpb_text_column wpb_content_element\" >\n\t\t<div class=\"wpb_wrapper\">\n\t\t\t<h6>SEGUIR<\/h6>\n\n\t\t<\/div>\n\t<\/div>\n\n\t<div  class=\"wpb_single_image wpb_content_element vc_align_left  vc_custom_1455038137146\">\n\t\t\n\t\t<figure class=\"wpb_wrapper vc_figure\">\n\t\t\t<div class=\"vc_single_image-wrapper   vc_box_border_grey\"><img loading=\"lazy\" decoding=\"async\" width=\"20\" height=\"1\" src=\"https:\/\/www.destinymarkomusic.com\/wp-content\/uploads\/2014\/11\/divider.gif\" class=\"vc_single_image-img attachment-full\" alt=\"\" \/><\/div>\n\t\t<\/figure>\n\t<\/div>\n<\/div><\/div><\/div><\/div>\n\t<div class=\"wpb_text_column wpb_content_element  vc_custom_1684617415258\" >\n\t\t<div class=\"wpb_wrapper\">\n\t\t\t<p><a href=\"https:\/\/www.facebook.com\/DestinyMarkoMusic\/\" target=\"_blank\" rel=\"noopener\">Facebook<\/a><a href=\"#\"><br \/>\n<\/a><a href=\"https:\/\/www.youtube.com\/c\/destinymarkomusic\" target=\"_blank\" rel=\"noopener\">YouTube<br \/>\n<\/a><a href=\"https:\/\/www.instagram.com\/destinymarkomusic\/\" target=\"_blank\" rel=\"noopener\">Instagram<\/a><\/p>\n\n\t\t<\/div>\n\t<\/div>\n<\/div><\/div><\/div><\/div><div id=\"9MR\" class=\"vc_row wpb_row  vc_custom_1684780412056 full_width  mobilenopadding\"><div class=\"wpb_column vc_column_container vc_col-sm-6\"><div class=\"vc_column-inner vc_custom_1415507819838\"><div class=\"wpb_wrapper\"><div class=\"vc_row wpb_row vc_inner vc_row-fluid\"><div class=\"wpb_column vc_column_container vc_col-sm-12\"><div class=\"vc_column-inner\"><div class=\"wpb_wrapper\"><h2 style=\"font-size: 54px;color: #ffffff;line-height: 54px;text-align: center;font-family:Libre Baskerville;font-weight:700;font-style:normal\" class=\"vc_custom_heading\" >9 Million Reasons<\/h2>\n\t<div  class=\"wpb_single_image wpb_content_element vc_align_center  vc_custom_1684622590913\">\n\t\t\n\t\t<figure class=\"wpb_wrapper vc_figure\">\n\t\t\t<div class=\"vc_single_image-wrapper   vc_box_border_grey\"><img loading=\"lazy\" decoding=\"async\" width=\"20\" height=\"1\" src=\"https:\/\/www.destinymarkomusic.com\/wp-content\/uploads\/2014\/11\/divider.gif\" class=\"vc_single_image-img attachment-full\" alt=\"\" \/><\/div>\n\t\t<\/figure>\n\t<\/div>\n\n\t<div class=\"wpb_text_column wpb_content_element\" >\n\t\t<div class=\"wpb_wrapper\">\n\t\t\t<div class=\"wpb_text_column wpb_content_element\">\n<div class=\"wpb_wrapper\">\n<p><span style=\"font-weight: 400; color: #fadad7;\">En mi coraz\u00f3n hace una pasi\u00f3n por la divulgaci\u00f3n. Esta pasi\u00f3n me ha llevado a apoyar una organizaci\u00f3n sin fines de lucro llamada \"9 millones de razones\". Mi esposo y yo ayudamos a iniciar 9MR como Outreach of Evangel Church en la ciudad de Nueva York.\u00a0 <\/span><span style=\"color: #fadad7;\"><span style=\"font-weight: 400;\">9MR ha estado operando una despensa de alimentos y otros servicios comunitarios desde 2013. Durante la pandemia, 9MR dio un paso al frente para llenar un gran vac\u00edo en la ciudad. Con la demanda de alimentos aumentando a medida que m\u00e1s y m\u00e1s personas estaban sin trabajo, 9MR se expandi\u00f3. 9MR pas\u00f3 de atender a 500 familias en un fin de semana a convertirse en un centro de alimentos a gran escala que distribuye suficientes alimentos para atender a 9000 familias todos los d\u00edas, 6 d\u00edas a la semana. Desde 2020, 9MR ha distribuido m\u00e1s de 60 millones de libras de alimentos a cientos de miles de personas y ayud\u00f3 a abastecer cerca de 300 sitios de distribuci\u00f3n en la ciudad. 9MR tambi\u00e9n se entreg\u00f3 a hogares de personas que estaban enfermas o ten\u00edan familias ancianas. Se realizaron cerca de 40,000 entregas durante 2020 y 2021. Muchas personas en la ciudad de Nueva York siempre han estado necesitadas, sin embargo, desde la pandemia, la necesidad se ha multiplicado por 100. A fines de 2022 surgi\u00f3 una nueva necesidad, ayudar a los migrantes que llegan por miles a NYC. 9MR ha dado un paso adelante y se ha asociado con la oficina del alcalde de la ciudad de Nueva York para ayudar a proporcionar alimentos, ropa, higiene, suministros para beb\u00e9s y todo lo que pueda imaginar a cientos de familias todos los d\u00edas.\u00a0<\/span><span style=\"font-weight: 400;\">Incluso con la disminuci\u00f3n de las necesidades de la pandemia, a\u00fan quedan muchas necesidades nuevas.\u00a0<\/span><\/span><br \/>\n<span style=\"font-weight: 400; color: #fadad7;\">Apoyar a 9MR significa apoyar a NYC <\/span><\/p>\n<\/div>\n<\/div>\n\n\t\t<\/div>\n\t<\/div>\n\n\t<div  class=\"wpb_single_image wpb_content_element vc_align_center  vc_custom_1684623618915\">\n\t\t\n\t\t<figure class=\"wpb_wrapper vc_figure\">\n\t\t\t<a href=\"https:\/\/www.9millionreasons.nyc\/\" target=\"_blank\" class=\"vc_single_image-wrapper   vc_box_border_grey\"><img loading=\"lazy\" decoding=\"async\" width=\"300\" height=\"83\" src=\"https:\/\/www.destinymarkomusic.com\/wp-content\/uploads\/2021\/09\/Long-Logo-Blk-9MR-300x83.png\" class=\"vc_single_image-img attachment-medium\" alt=\"\" srcset=\"https:\/\/www.destinymarkomusic.com\/wp-content\/uploads\/2021\/09\/Long-Logo-Blk-9MR-300x83.png 300w, https:\/\/www.destinymarkomusic.com\/wp-content\/uploads\/2021\/09\/Long-Logo-Blk-9MR-600x166.png 600w, https:\/\/www.destinymarkomusic.com\/wp-content\/uploads\/2021\/09\/Long-Logo-Blk-9MR-1024x283.png 1024w, https:\/\/www.destinymarkomusic.com\/wp-content\/uploads\/2021\/09\/Long-Logo-Blk-9MR-768x212.png 768w, https:\/\/www.destinymarkomusic.com\/wp-content\/uploads\/2021\/09\/Long-Logo-Blk-9MR-1536x424.png 1536w, https:\/\/www.destinymarkomusic.com\/wp-content\/uploads\/2021\/09\/Long-Logo-Blk-9MR.png 2013w\" sizes=\"auto, (max-width: 300px) 100vw, 300px\" \/><\/a>\n\t\t<\/figure>\n\t<\/div>\n\n\t<div class=\"wpb_text_column wpb_content_element\" >\n\t\t<div class=\"wpb_wrapper\">\n\t\t\t<p style=\"text-align: center;\"><a href=\"https:\/\/9millionreasons.nyc\" target=\"_blank\" rel=\"noopener\"><span style=\"color: #fadad7;\"><span style=\"font-weight: 400;\">Haga clic para obtener m\u00e1s informaci\u00f3n<\/span><\/span><\/a><\/p>\n\n\t\t<\/div>\n\t<\/div>\n<div class=\"vc_empty_space\"   style=\"height: 15px\"><span class=\"vc_empty_space_inner\"><\/span><\/div><\/div><\/div><\/div><\/div><\/div><\/div><\/div><div class=\"nopadding wpb_column vc_column_container vc_col-sm-6 vc_col-has-fill\"><div class=\"vc_column-inner vc_custom_1684621076067\"><div class=\"wpb_wrapper\"><div class=\"vc_empty_space\"   style=\"height: 1100px\"><span class=\"vc_empty_space_inner\"><\/span><\/div><\/div><\/div><\/div><\/div><div id=\"Listen\" class=\"vc_row wpb_row  mobilenopadding full_width\"><div class=\"wpb_column vc_column_container vc_col-sm-12\"><div class=\"vc_column-inner vc_custom_1415504054463\"><div class=\"wpb_wrapper\"><div class=\"vc_empty_space\"   style=\"height: 30px\"><span class=\"vc_empty_space_inner\"><\/span><\/div><h2 style=\"font-size: 24px;line-height: 24px;text-align: left;font-family:Libre Baskerville;font-weight:700;font-style:normal\" class=\"vc_custom_heading\" >Escucha lo \u00faltimo<\/h2>\n\t<div  class=\"wpb_single_image wpb_content_element vc_align_left  vc_custom_1455038196604\">\n\t\t\n\t\t<figure class=\"wpb_wrapper vc_figure\">\n\t\t\t<div class=\"vc_single_image-wrapper   vc_box_border_grey\"><img loading=\"lazy\" decoding=\"async\" width=\"20\" height=\"1\" src=\"https:\/\/www.destinymarkomusic.com\/wp-content\/uploads\/2014\/11\/divider.gif\" class=\"vc_single_image-img attachment-full\" alt=\"\" \/><\/div>\n\t\t<\/figure>\n\t<\/div>\n<div class=\"vc_row wpb_row vc_inner vc_row-fluid\"><div class=\"wpb_column vc_column_container vc_col-sm-3\"><div class=\"vc_column-inner\"><div class=\"wpb_wrapper\">\n\t<div class=\"wpb_raw_code wpb_content_element wpb_raw_html vc_custom_1752512944504\" >\n\t\t<div class=\"wpb_wrapper\">\n\t\t\t<iframe style=\"border-radius:12px\" src=\"https:\/\/open.spotify.com\/embed\/album\/3GdAU3FhzSAE8h6yYQU1a8?utm_source=generator\" width=\"100%\" height=\"352\" frameborder=\"0\" allowfullscreen=\"\" allow=\"autoplay; clipboard-write; encrypted-media; fullscreen; picture-in-picture\" loading=\"lazy\"><\/iframe>\n\t\t<\/div>\n\t<\/div>\n<\/div><\/div><\/div><div class=\"wpb_column vc_column_container vc_col-sm-6\"><div class=\"vc_column-inner\"><div class=\"wpb_wrapper\">\n\t<div class=\"wpb_raw_code wpb_content_element wpb_raw_html vc_custom_1752512973987\" >\n\t\t<div class=\"wpb_wrapper\">\n\t\t\t<iframe loading=\"lazy\" width=\"560\" height=\"315\" src=\"https:\/\/www.youtube.com\/embed\/pGnxVi9EUWE?si=V9TKhyupLaOiFYt3\" title=\"YouTube video player\" frameborder=\"0\" allow=\"accelerometer; autoplay; clipboard-write; encrypted-media; gyroscope; picture-in-picture; web-share\" referrerpolicy=\"strict-origin-when-cross-origin\" allowfullscreen><\/iframe>\n\t\t<\/div>\n\t<\/div>\n<\/div><\/div><\/div><div class=\"wpb_column vc_column_container vc_col-sm-3\"><div class=\"vc_column-inner\"><div class=\"wpb_wrapper\">\n\t<div class=\"wpb_raw_code wpb_content_element wpb_raw_html\" >\n\t\t<div class=\"wpb_wrapper\">\n\t\t\t<blockquote class=\"instagram-media\" data-instgrm-permalink=\"https:\/\/www.instagram.com\/destinymarkomusic\/?utm_source=ig_embed&amp;utm_campaign=loading\" data-instgrm-version=\"14\" style=\" background:#FFF; border:0; border-radius:3px; box-shadow:0 0 1px 0 rgba(0,0,0,0.5),0 1px 10px 0 rgba(0,0,0,0.15); margin: 1px; max-width:540px; min-width:326px; padding:0; width:99.375%; width:-webkit-calc(100% - 2px); width:calc(100% - 2px);\"><div style=\"padding:16px;\"> <a href=\"https:\/\/www.instagram.com\/destinymarkomusic\/?utm_source=ig_embed&amp;utm_campaign=loading\" style=\" background:#FFFFFF; line-height:0; padding:0 0; text-align:center; text-decoration:none; width:100%;\" target=\"_blank\"> <div style=\" display: flex; flex-direction: row; align-items: center;\"> <div style=\"background-color: #F4F4F4; border-radius: 50%; flex-grow: 0; height: 40px; margin-right: 14px; width: 40px;\"><\/div> <div style=\"display: flex; flex-direction: column; flex-grow: 1; justify-content: center;\"> <div style=\" background-color: #F4F4F4; border-radius: 4px; flex-grow: 0; height: 14px; margin-bottom: 6px; width: 100px;\"><\/div> <div style=\" background-color: #F4F4F4; border-radius: 4px; flex-grow: 0; height: 14px; width: 60px;\"><\/div><\/div><\/div><div style=\"padding: 19% 0;\"><\/div> <div style=\"display:block; height:50px; margin:0 auto 12px; width:50px;\"><svg width=\"50px\" height=\"50px\" viewbox=\"0 0 60 60\" version=\"1.1\" xmlns=\"https:\/\/www.w3.org\/2000\/svg\" xmlns:xlink=\"https:\/\/www.w3.org\/1999\/xlink\"><g stroke=\"none\" stroke-width=\"1\" fill=\"none\" fill-rule=\"evenodd\"><g transform=\"translate(-511.000000, -20.000000)\" fill=\"#000000\"><g><path d=\"M556.869,30.41 C554.814,30.41 553.148,32.076 553.148,34.131 C553.148,36.186 554.814,37.852 556.869,37.852 C558.924,37.852 560.59,36.186 560.59,34.131 C560.59,32.076 558.924,30.41 556.869,30.41 M541,60.657 C535.114,60.657 530.342,55.887 530.342,50 C530.342,44.114 535.114,39.342 541,39.342 C546.887,39.342 551.658,44.114 551.658,50 C551.658,55.887 546.887,60.657 541,60.657 M541,33.886 C532.1,33.886 524.886,41.1 524.886,50 C524.886,58.899 532.1,66.113 541,66.113 C549.9,66.113 557.115,58.899 557.115,50 C557.115,41.1 549.9,33.886 541,33.886 M565.378,62.101 C565.244,65.022 564.756,66.606 564.346,67.663 C563.803,69.06 563.154,70.057 562.106,71.106 C561.058,72.155 560.06,72.803 558.662,73.347 C557.607,73.757 556.021,74.244 553.102,74.378 C549.944,74.521 548.997,74.552 541,74.552 C533.003,74.552 532.056,74.521 528.898,74.378 C525.979,74.244 524.393,73.757 523.338,73.347 C521.94,72.803 520.942,72.155 519.894,71.106 C518.846,70.057 518.197,69.06 517.654,67.663 C517.244,66.606 516.755,65.022 516.623,62.101 C516.479,58.943 516.448,57.996 516.448,50 C516.448,42.003 516.479,41.056 516.623,37.899 C516.755,34.978 517.244,33.391 517.654,32.338 C518.197,30.938 518.846,29.942 519.894,28.894 C520.942,27.846 521.94,27.196 523.338,26.654 C524.393,26.244 525.979,25.756 528.898,25.623 C532.057,25.479 533.004,25.448 541,25.448 C548.997,25.448 549.943,25.479 553.102,25.623 C556.021,25.756 557.607,26.244 558.662,26.654 C560.06,27.196 561.058,27.846 562.106,28.894 C563.154,29.942 563.803,30.938 564.346,32.338 C564.756,33.391 565.244,34.978 565.378,37.899 C565.522,41.056 565.552,42.003 565.552,50 C565.552,57.996 565.522,58.943 565.378,62.101 M570.82,37.631 C570.674,34.438 570.167,32.258 569.425,30.349 C568.659,28.377 567.633,26.702 565.965,25.035 C564.297,23.368 562.623,22.342 560.652,21.575 C558.743,20.834 556.562,20.326 553.369,20.18 C550.169,20.033 549.148,20 541,20 C532.853,20 531.831,20.033 528.631,20.18 C525.438,20.326 523.257,20.834 521.349,21.575 C519.376,22.342 517.703,23.368 516.035,25.035 C514.368,26.702 513.342,28.377 512.574,30.349 C511.834,32.258 511.326,34.438 511.181,37.631 C511.035,40.831 511,41.851 511,50 C511,58.147 511.035,59.17 511.181,62.369 C511.326,65.562 511.834,67.743 512.574,69.651 C513.342,71.625 514.368,73.296 516.035,74.965 C517.703,76.634 519.376,77.658 521.349,78.425 C523.257,79.167 525.438,79.673 528.631,79.82 C531.831,79.965 532.853,80.001 541,80.001 C549.148,80.001 550.169,79.965 553.369,79.82 C556.562,79.673 558.743,79.167 560.652,78.425 C562.623,77.658 564.297,76.634 565.965,74.965 C567.633,73.296 568.659,71.625 569.425,69.651 C570.167,67.743 570.674,65.562 570.82,62.369 C570.966,59.17 571,58.147 571,50 C571,41.851 570.966,40.831 570.82,37.631\"><\/path><\/g><\/g><\/g><\/svg><\/div><div style=\"padding-top: 8px;\"> <div style=\" color:#3897f0; font-family:Arial,sans-serif; font-size:14px; font-style:normal; font-weight:550; line-height:18px;\">View this profile on Instagram<\/div><\/div><div style=\"padding: 12.5% 0;\"><\/div> <div style=\"display: flex; flex-direction: row; margin-bottom: 14px; align-items: center;\"><div> <div style=\"background-color: #F4F4F4; border-radius: 50%; height: 12.5px; width: 12.5px; transform: translateX(0px) translateY(7px);\"><\/div> <div style=\"background-color: #F4F4F4; height: 12.5px; transform: rotate(-45deg) translateX(3px) translateY(1px); width: 12.5px; flex-grow: 0; margin-right: 14px; margin-left: 2px;\"><\/div> <div style=\"background-color: #F4F4F4; border-radius: 50%; height: 12.5px; width: 12.5px; transform: translateX(9px) translateY(-18px);\"><\/div><\/div><div style=\"margin-left: 8px;\"> <div style=\" background-color: #F4F4F4; border-radius: 50%; flex-grow: 0; height: 20px; width: 20px;\"><\/div> <div style=\" width: 0; height: 0; border-top: 2px solid transparent; border-left: 6px solid #f4f4f4; border-bottom: 2px solid transparent; transform: translateX(16px) translateY(-4px) rotate(30deg)\"><\/div><\/div><div style=\"margin-left: auto;\"> <div style=\" width: 0px; border-top: 8px solid #F4F4F4; border-right: 8px solid transparent; transform: translateY(16px);\"><\/div> <div style=\" background-color: #F4F4F4; flex-grow: 0; height: 12px; width: 16px; transform: translateY(-4px);\"><\/div> <div style=\" width: 0; height: 0; border-top: 8px solid #F4F4F4; border-left: 8px solid transparent; transform: translateY(-4px) translateX(8px);\"><\/div><\/div><\/div> <div style=\"display: flex; flex-direction: column; flex-grow: 1; justify-content: center; margin-bottom: 24px;\"> <div style=\" background-color: #F4F4F4; border-radius: 4px; flex-grow: 0; height: 14px; margin-bottom: 6px; width: 224px;\"><\/div> <div style=\" background-color: #F4F4F4; border-radius: 4px; flex-grow: 0; height: 14px; width: 144px;\"><\/div><\/div><\/a><p style=\" color:#c9c8cd; font-family:Arial,sans-serif; font-size:14px; line-height:17px; margin-bottom:0; margin-top:8px; overflow:hidden; padding:8px 0 7px; text-align:center; text-overflow:ellipsis; white-space:nowrap;\"><a href=\"https:\/\/www.instagram.com\/destinymarkomusic\/?utm_source=ig_embed&amp;utm_campaign=loading\" style=\" color:#c9c8cd; font-family:Arial,sans-serif; font-size:14px; font-style:normal; font-weight:normal; line-height:17px;\" target=\"_blank\">destiny marko<\/a> (@<a href=\"https:\/\/www.instagram.com\/destinymarkomusic\/?utm_source=ig_embed&amp;utm_campaign=loading\" style=\" color:#c9c8cd; font-family:Arial,sans-serif; font-size:14px; font-style:normal; font-weight:normal; line-height:17px;\" target=\"_blank\">destinymarkomusic<\/a>) \u2022 Instagram photos and videos<\/p><\/div><\/blockquote> <script async src=\"\/\/www.instagram.com\/embed.js\"><\/script>\n\t\t<\/div>\n\t<\/div>\n<\/div><\/div><\/div><\/div><\/div><\/div><\/div><\/div><div  class=\"vc_row wpb_row  full_width\"><div class=\"wpb_column vc_column_container vc_col-sm-4 vc_col-has-fill\"><div class=\"vc_column-inner vc_custom_1684619058628\"><div class=\"wpb_wrapper\"><div class=\"vc_empty_space\"   style=\"height: 400px\"><span class=\"vc_empty_space_inner\"><\/span><\/div><\/div><\/div><\/div><div class=\"wpb_column vc_column_container vc_col-sm-4 vc_col-has-fill\"><div class=\"vc_column-inner vc_custom_1684619035496\"><div class=\"wpb_wrapper\"><div class=\"vc_empty_space\"   style=\"height: 400px\"><span class=\"vc_empty_space_inner\"><\/span><\/div><\/div><\/div><\/div><div class=\"wpb_column vc_column_container vc_col-sm-4 vc_col-has-fill\"><div class=\"vc_column-inner vc_custom_1684619111343\"><div class=\"wpb_wrapper\"><div class=\"vc_empty_space\"   style=\"height: 400px\"><span class=\"vc_empty_space_inner\"><\/span><\/div><\/div><\/div><\/div><\/div><div  class=\"vc_row wpb_row  mobilenopadding vc_custom_1416797745638 full_width\"><div class=\"wpb_column vc_column_container vc_col-sm-12\"><div class=\"vc_column-inner\"><div class=\"wpb_wrapper\"><div class=\"vc_row wpb_row vc_inner vc_row-fluid\"><div class=\"wpb_column vc_column_container vc_col-sm-4\"><div class=\"vc_column-inner\"><div class=\"wpb_wrapper\"><h2 style=\"font-size: 24px;color: #ffffff;line-height: 24px;text-align: left;font-family:Libre Baskerville;font-weight:700;font-style:normal\" class=\"vc_custom_heading\" >Enlaces<\/h2>\n\t<div  class=\"wpb_single_image wpb_content_element vc_align_left  vc_custom_1455038212463\">\n\t\t\n\t\t<figure class=\"wpb_wrapper vc_figure\">\n\t\t\t<div class=\"vc_single_image-wrapper   vc_box_border_grey\"><img loading=\"lazy\" decoding=\"async\" width=\"20\" height=\"1\" src=\"https:\/\/www.destinymarkomusic.com\/wp-content\/uploads\/2014\/11\/divider.gif\" class=\"vc_single_image-img attachment-full\" alt=\"\" \/><\/div>\n\t\t<\/figure>\n\t<\/div>\n\n\t<div class=\"wpb_text_column wpb_content_element\" >\n\t\t<div class=\"wpb_wrapper\">\n\t\t\t<p style=\"text-align: left;\"><a href=\"#about\">Acerca de<br \/>\n<\/a><a href=\"#9MR\">9 Million Reasons<\/a><a href=\"#gig\"><br \/>\n<\/a><a href=\"#Listen\">Escuchar<\/a><\/p>\n\n\t\t<\/div>\n\t<\/div>\n<div class=\"vc_empty_space\"   style=\"height: 50px\"><span class=\"vc_empty_space_inner\"><\/span><\/div><\/div><\/div><\/div><div class=\"wpb_column vc_column_container vc_col-sm-4\"><div class=\"vc_column-inner vc_custom_1684619715516\"><div class=\"wpb_wrapper\"><h2 style=\"font-size: 24px;color: #ffffff;line-height: 24px;text-align: left;font-family:Libre Baskerville;font-weight:700;font-style:normal\" class=\"vc_custom_heading\" >Conectar<\/h2>\n\t<div  class=\"wpb_single_image wpb_content_element vc_align_left  vc_custom_1455038217766\">\n\t\t\n\t\t<figure class=\"wpb_wrapper vc_figure\">\n\t\t\t<div class=\"vc_single_image-wrapper   vc_box_border_grey\"><img loading=\"lazy\" decoding=\"async\" width=\"20\" height=\"1\" src=\"https:\/\/www.destinymarkomusic.com\/wp-content\/uploads\/2014\/11\/divider.gif\" class=\"vc_single_image-img attachment-full\" alt=\"\" \/><\/div>\n\t\t<\/figure>\n\t<\/div>\n\n\t<div class=\"wpb_text_column wpb_content_element\" >\n\t\t<div class=\"wpb_wrapper\">\n\t\t\t<p><a href=\"https:\/\/www.facebook.com\/DestinyMarkoMusic\/\" target=\"_blank\" rel=\"noopener\"><i class=\"fa fa-facebook\">\u00a0Facebook<\/i><\/a><br \/>\n<a href=\"https:\/\/www.youtube.com\/c\/destinymarkomusic\" target=\"_blank\" rel=\"noopener\"><i class=\"fa fa-youtube\">\u00a0YouTube<\/i><\/a><br \/>\n<a href=\"https:\/\/www.instagram.com\/destinymarkomusic\/\" target=\"_blank\" rel=\"noopener\"><i class=\"fa fa-instagram\">\u00a0Instagram<\/i><\/a><\/p>\n\n\t\t<\/div>\n\t<\/div>\n<div class=\"vc_empty_space\"   style=\"height: 50px\"><span class=\"vc_empty_space_inner\"><\/span><\/div><\/div><\/div><\/div><div class=\"wpb_column vc_column_container vc_col-sm-4\"><div class=\"vc_column-inner vc_custom_1684619684744\"><div class=\"wpb_wrapper\"><h2 style=\"font-size: 24px;color: #ffffff;line-height: 24px;text-align: left;font-family:Libre Baskerville;font-weight:700;font-style:normal\" class=\"vc_custom_heading\" >Reserva<\/h2>\n\t<div  class=\"wpb_single_image wpb_content_element vc_align_left  vc_custom_1455038222441\">\n\t\t\n\t\t<figure class=\"wpb_wrapper vc_figure\">\n\t\t\t<div class=\"vc_single_image-wrapper   vc_box_border_grey\"><img loading=\"lazy\" decoding=\"async\" width=\"20\" height=\"1\" src=\"https:\/\/www.destinymarkomusic.com\/wp-content\/uploads\/2014\/11\/divider.gif\" class=\"vc_single_image-img attachment-full\" alt=\"\" \/><\/div>\n\t\t<\/figure>\n\t<\/div>\n\n\t<div class=\"wpb_text_column wpb_content_element\" >\n\t\t<div class=\"wpb_wrapper\">\n\t\t\t<h6><span style=\"color: #fadad7;\">Reservas y Prensa<br \/>\n<a href=\"mailto:info@destinymarkomusic.com\" target=\"_blank\" rel=\"noopener\">info@destinymarkomusic.com<\/a><a style=\"color: #fadad7;\" href=\"#\"><br \/>\n<\/a><\/span><\/h6>\n\n\t\t<\/div>\n\t<\/div>\n<\/div><\/div><\/div><\/div><\/div><\/div><\/div><\/div>","protected":false},"excerpt":{"rendered":"DESTINY MARKO SINGER\/SONGWRITER Destiny Marko is a Bronx, NY Born Latin American Singer. Both her Parents are from Puerto Rico; [...]","protected":false},"author":1,"featured_media":0,"parent":0,"menu_order":0,"comment_status":"closed","ping_status":"closed","template":"","meta":{"footnotes":""},"class_list":["post-2","page","type-page","status-publish","hentry"],"_links":{"self":[{"href":"https:\/\/www.destinymarkomusic.com\/es\/wp-json\/wp\/v2\/pages\/2","targetHints":{"allow":["GET"]}}],"collection":[{"href":"https:\/\/www.destinymarkomusic.com\/es\/wp-json\/wp\/v2\/pages"}],"about":[{"href":"https:\/\/www.destinymarkomusic.com\/es\/wp-json\/wp\/v2\/types\/page"}],"author":[{"embeddable":true,"href":"https:\/\/www.destinymarkomusic.com\/es\/wp-json\/wp\/v2\/users\/1"}],"replies":[{"embeddable":true,"href":"https:\/\/www.destinymarkomusic.com\/es\/wp-json\/wp\/v2\/comments?post=2"}],"version-history":[{"count":55,"href":"https:\/\/www.destinymarkomusic.com\/es\/wp-json\/wp\/v2\/pages\/2\/revisions"}],"predecessor-version":[{"id":547,"href":"https:\/\/www.destinymarkomusic.com\/es\/wp-json\/wp\/v2\/pages\/2\/revisions\/547"}],"wp:attachment":[{"href":"https:\/\/www.destinymarkomusic.com\/es\/wp-json\/wp\/v2\/media?parent=2"}],"curies":[{"name":"wp","href":"https:\/\/api.w.org\/{rel}","templated":true}]}}